{"id":10992,"date":"2024-07-28T02:00:00","date_gmt":"2024-07-28T02:00:00","guid":{"rendered":"https:\/\/sylviana.shop\/product\/stimulerande-lotion-som-forebygger-haravfall\/"},"modified":"2024-08-01T16:46:52","modified_gmt":"2024-08-01T16:46:52","slug":"stimulerande-lotion-som-forebygger-haravfall","status":"publish","type":"product","link":"https:\/\/sylviana.shop\/sv\/produkt\/stimulerande-lotion-som-forebygger-haravfall\/","title":{"rendered":"Stimulerande lotion som f\u00f6rebygger h\u00e5ravfall."},"content":{"rendered":"<div class=\"wpb-content-wrapper\"><p>[vc_row][vc_column]\n\t\t<div id=\"wd-66a5a6b384fd7\" class=\"title-wrapper wd-wpb set-mb-s reset-last-child  wd-rs-66a5a6b384fd7 wd-title-color-default wd-title-style-underlined text-center wd-off-anim wpb_animate_when_almost_visible wpb_fadeIn fadeIn wd-anim-name_fadeIn  wd-underline-colored\">\n\t\t\t\n\t\t\t<div class=\"liner-continer\">\n\t\t\t\t<h4 class=\"woodmart-title-container title  wd-font-weight- wd-fontsize-l\" >OM PRODUKTEN<\/h4>\n\t\t\t\t\t\t\t<\/div>\n\t\t\t\n\t\t\t\t\t\t\t<div class=\"title-after_title  set-cont-mb-s reset-last-child  wd-fontsize-xs\">Tack vare sina aktiva egenskaper hj\u00e4lper den till att \u00e5ter balansera de fysiologiska processerna, stimulera \u00e4mnesoms\u00e4ttningen i cellerna, f\u00f6rb\u00e4ttra mikrocirkulationen genom att \u00f6ka andelen h\u00e5r som befinner sig i den anagena fasen och reducera andelen som \u00e4r i den telogena fasen. Den motverkar h\u00e5ratrofi och \u00e5ldrande, st\u00e4rker f\u00f6rsvagat h\u00e5r och f\u00f6rb\u00e4ttrar dess regenerationsf\u00f6rm\u00e5ga samtidigt som den motverkar tillf\u00e4lligt h\u00e5ravfall b\u00e5de hos m\u00e4n och kvinnor. Den tynger inte ner h\u00e5ret och torkar snabbt.<\/div>\n\t\t\t\n\t\t\t\n\t\t<\/div>\n\t\t\n\t\t\n\t\t<div id=\"wd-66a5a6d71adf8\" class=\"title-wrapper wd-wpb set-mb-s reset-last-child  wd-rs-66a5a6d71adf8 wd-title-color-default wd-title-style-underlined text-center wd-off-anim wpb_animate_when_almost_visible wpb_fadeIn fadeIn wd-anim-name_fadeIn  wd-underline-colored\">\n\t\t\t\n\t\t\t<div class=\"liner-continer\">\n\t\t\t\t<h4 class=\"woodmart-title-container title  wd-font-weight- wd-fontsize-l\" >ANVISNINGAR<\/h4>\n\t\t\t\t\t\t\t<\/div>\n\t\t\t\n\t\t\t\t\t\t\t<div class=\"title-after_title  set-cont-mb-s reset-last-child  wd-fontsize-xs\">Applicera h\u00e4lften av inneh\u00e5llet i en av de sm\u00e5 flaskorna j\u00e4mnt \u00f6ver din h\u00e5rbotten som ska vara ren men inte n\u00f6dv\u00e4ndigtvis nytv\u00e4ttad, och massera f\u00f6rsiktigt in den. Styla h\u00e5ret utan att sk\u00f6lja det. F\u00f6r b\u00e4sta resultat rekommenderar vi att du anv\u00e4nder den en g\u00e5ng om dagen (en halv flaska) under sex veckor. F\u00f6r maximalt resultat rekommenderar vi att du forts\u00e4tter upp till tre m\u00e5nader. Upprepa behandlingen tv\u00e5 g\u00e5nger om \u00e5ret.<\/div>\n\t\t\t\n\t\t\t\n\t\t<\/div>\n\t\t\n\t\t\n\t\t<div id=\"wd-66a5a771b567c\" class=\"title-wrapper wd-wpb set-mb-s reset-last-child  wd-rs-66a5a771b567c wd-title-color-default wd-title-style-underlined text-center wd-off-anim wpb_animate_when_almost_visible wpb_fadeIn fadeIn wd-anim-name_fadeIn  wd-underline-colored\">\n\t\t\t\n\t\t\t<div class=\"liner-continer\">\n\t\t\t\t<h4 class=\"woodmart-title-container title  wd-font-weight- wd-fontsize-l\" >INGREDIENSER<\/h4>\n\t\t\t\t\t\t\t<\/div>\n\t\t\t\n\t\t\t\t\t\t\t<div class=\"title-after_title  set-cont-mb-s reset-last-child  wd-fontsize-xs\">ALCOHOL DENAT., AQUA, PROPYLENE GLYCOL, GLYCERIN, CAMELLIA SINENSIS LEAF EXTRACT, LARIX EUROPAEA WOOD EXTRACT, ECHIUM PLANTAGINEUM SEED OIL, PEG-40 HYDROGENATED CASTOR OIL, MENTHYL LACTATE, PARFUM, HELIANTHUS ANNUUS SEED OIL UNSAPONIFIABLES, TOCOPHERYL NICOTINATE, EUCALYPTOL, CARDIOSPERMUM HALICACABUM FLOWER\/LEAF\/VINE EXTRACT, OCTYLDODECANOL, CARAMEL, SODIUM METABISULFITE, ASCORBIC ACID, GLYCINE, ZINC CHLORIDE.<\/div>\n\t\t\t\n\t\t\t\n\t\t<\/div>\n\t\t\n\t\t\t\t<div id=\"wd-66a5ad300d79a\" class=\"wd-image wd-wpb wd-rs-66a5ad300d79a text-center \">\n\t\t\t\n\t\t\t<img loading=\"lazy\" decoding=\"async\" width=\"450\" height=\"450\" src=\"https:\/\/sylviana.shop\/wp-content\/uploads\/2024\/07\/8-scaled-450x450.jpg\" class=\"attachment-450x450 size-450x450\" alt=\"\" srcset=\"https:\/\/sylviana.shop\/wp-content\/uploads\/2024\/07\/8-scaled-450x450.jpg 450w, https:\/\/sylviana.shop\/wp-content\/uploads\/2024\/07\/8-150x150.jpg 150w, https:\/\/sylviana.shop\/wp-content\/uploads\/2024\/07\/8-scaled-400x400.jpg 400w\" sizes=\"auto, (max-width: 450px) 100vw, 450px\" \/>\n\t\t\t\t\t<\/div>\n\t\t[\/vc_column][\/vc_row][vc_row][vc_column]\n\t\t<div id=\"wd-66a5ae7ebbf06\" class=\"title-wrapper wd-wpb set-mb-s reset-last-child  wd-rs-66a5ae7ebbf06 wd-title-color-primary wd-title-style-underlined-2 text-center  wd-underline-colored\">\n\t\t\t\n\t\t\t<div class=\"liner-continer\">\n\t\t\t\t<h4 class=\"woodmart-title-container title  wd-font-weight- wd-fontsize-xxl\" >84 Dagars<\/h4>\n\t\t\t\t\t\t\t<\/div>\n\t\t\t\n\t\t\t\t\t\t\t<div class=\"title-after_title  set-cont-mb-s reset-last-child  wd-fontsize-s\">Klinisk testad, effekt n\u00e5s efter 84 dagars anv\u00e4ndning.<\/div>\n\t\t\t\n\t\t\t\n\t\t<\/div>\n\t\t\n\t\t[\/vc_column][\/vc_row]<\/p>\n<\/div>","protected":false},"excerpt":{"rendered":"<p>[vc_row][vc_column][\/vc_column][\/vc_row][vc_row][vc_column][\/vc_column][\/vc_row]<\/p>\n","protected":false},"featured_media":10766,"template":"","meta":[],"product_brand":[],"product_cat":[86,87],"product_tag":[],"class_list":{"0":"post-10992","1":"product","2":"type-product","3":"status-publish","4":"has-post-thumbnail","6":"product_cat-anti-haravfall","7":"product_cat-halsa","9":"first","10":"instock","11":"shipping-taxable","12":"purchasable","13":"product-type-simple"},"_links":{"self":[{"href":"https:\/\/sylviana.shop\/sv\/wp-json\/wp\/v2\/product\/10992","targetHints":{"allow":["GET"]}}],"collection":[{"href":"https:\/\/sylviana.shop\/sv\/wp-json\/wp\/v2\/product"}],"about":[{"href":"https:\/\/sylviana.shop\/sv\/wp-json\/wp\/v2\/types\/product"}],"wp:featuredmedia":[{"embeddable":true,"href":"https:\/\/sylviana.shop\/sv\/wp-json\/wp\/v2\/media\/10766"}],"wp:attachment":[{"href":"https:\/\/sylviana.shop\/sv\/wp-json\/wp\/v2\/media?parent=10992"}],"wp:term":[{"taxonomy":"product_brand","embeddable":true,"href":"https:\/\/sylviana.shop\/sv\/wp-json\/wp\/v2\/product_brand?post=10992"},{"taxonomy":"product_cat","embeddable":true,"href":"https:\/\/sylviana.shop\/sv\/wp-json\/wp\/v2\/product_cat?post=10992"},{"taxonomy":"product_tag","embeddable":true,"href":"https:\/\/sylviana.shop\/sv\/wp-json\/wp\/v2\/product_tag?post=10992"}],"curies":[{"name":"wp","href":"https:\/\/api.w.org\/{rel}","templated":true}]}}