{"id":10986,"date":"2024-07-28T02:48:25","date_gmt":"2024-07-28T02:48:25","guid":{"rendered":"https:\/\/sylviana.shop\/product\/stimulerande-balsam-som-forebygger-haravfall\/"},"modified":"2024-08-01T16:41:34","modified_gmt":"2024-08-01T16:41:34","slug":"stimulerande-balsam-som-forebygger-haravfall","status":"publish","type":"product","link":"https:\/\/sylviana.shop\/sv\/produkt\/stimulerande-balsam-som-forebygger-haravfall\/","title":{"rendered":"Stimulerande balsam som f\u00f6rebygger h\u00e5ravfall"},"content":{"rendered":"<div class=\"wpb-content-wrapper\"><p>[vc_row][vc_column]\n\t\t<div id=\"wd-66a5b229b5a2f\" class=\"title-wrapper wd-wpb set-mb-s reset-last-child  wd-rs-66a5b229b5a2f wd-title-color-default wd-title-style-underlined text-center wd-off-anim wpb_animate_when_almost_visible wpb_fadeIn fadeIn wd-anim-name_fadeIn  wd-underline-colored\">\n\t\t\t\n\t\t\t<div class=\"liner-continer\">\n\t\t\t\t<h4 class=\"woodmart-title-container title  wd-font-weight- wd-fontsize-l\" >OM PRODUKTEN<\/h4>\n\t\t\t\t\t\t\t<\/div>\n\t\t\t\n\t\t\t\t\t\t\t<div class=\"title-after_title  set-cont-mb-s reset-last-child  wd-fontsize-xs\">Tack vare sina aktiva egenskaper ger det styrka, tjocklek och ton \u00e5t h\u00e5r som tenderar att falla av, f\u00f6rb\u00e4ttrar dess struktur och lyster och g\u00f6r det l\u00e4ttare att kamma (utan att tynga ner det). Ger mild kontroll och v\u00e5rd av h\u00e5ret varje dag. Det syns att h\u00e5ret blir tjockare och f\u00e5r mera volym.   <\/div>\n\t\t\t\n\t\t\t\n\t\t<\/div>\n\t\t\n\t\t\n\t\t<div id=\"wd-66a5b246809b7\" class=\"title-wrapper wd-wpb set-mb-s reset-last-child  wd-rs-66a5b246809b7 wd-title-color-default wd-title-style-underlined text-center wd-off-anim wpb_animate_when_almost_visible wpb_fadeIn fadeIn wd-anim-name_fadeIn  wd-underline-colored\">\n\t\t\t\n\t\t\t<div class=\"liner-continer\">\n\t\t\t\t<h4 class=\"woodmart-title-container title  wd-font-weight- wd-fontsize-l\" >ANVISNINGAR<\/h4>\n\t\t\t\t\t\t\t<\/div>\n\t\t\t\n\t\t\t\t\t\t\t<div class=\"title-after_title  set-cont-mb-s reset-last-child  wd-fontsize-xs\">Applicera n\u00e4r h\u00e5ret \u00e4r v\u00e5tt men torkat med handduk. Kamma ut det j\u00e4mnt i h\u00e5ret. V\u00e4nta 3-5 minuter, sedan sk\u00f6ljer du ordentligt innan du stylar det.    <\/div>\n\t\t\t\n\t\t\t\n\t\t<\/div>\n\t\t\n\t\t\n\t\t<div id=\"wd-66a5b244b3a77\" class=\"title-wrapper wd-wpb set-mb-s reset-last-child  wd-rs-66a5b244b3a77 wd-title-color-default wd-title-style-underlined text-center wd-off-anim wpb_animate_when_almost_visible wpb_fadeIn fadeIn wd-anim-name_fadeIn  wd-underline-colored\">\n\t\t\t\n\t\t\t<div class=\"liner-continer\">\n\t\t\t\t<h4 class=\"woodmart-title-container title  wd-font-weight- wd-fontsize-l\" >INGREDIENSER<\/h4>\n\t\t\t\t\t\t\t<\/div>\n\t\t\t\n\t\t\t\t\t\t\t<div class=\"title-after_title  set-cont-mb-s reset-last-child  wd-fontsize-xs\">AQUA, CETEARYL ALCOHOL, PROPYLENE GLYCOL, MYRISTYL ALCOHOL, CETRIMONIUM CHLORIDE, GLYCOL DISTEARATE, ETHYLHEXYL PALMITATE, AESCULUS HIPPOCASTANUM SEED EXTRACT, LARIX EUROPAEA WOOD EXTRACT, COCAMIDOPROPYL BETAINE, CAMELLIA SINENSIS LEAF EXTRACT, LAURETH-4, BIOTIN, PARFUM, ROSA MOSCHATA SEED OIL, GLYCERIN, MENTHOL, PANTHENOL, CITRIC ACID, PEG-20 CASTOR OIL, GUAR HYDROXYPROPYLTRIMONIUM CHLORIDE, ZEA MAYS OIL, CALCIUM PANTOTHENATE, INOSITOL, SODIUM METABISULFITE, LINALOOL, GLYCINE, HEXYL CINNAMAL, ALCOHOL DENAT., IODOPROPYNYL BUTYLCARBAMATE, PHENOXYETHANOL, ZINC CHLORIDE, TOCOPHERYL ACETATE.<\/div>\n\t\t\t\n\t\t\t\n\t\t<\/div>\n\t\t\n\t\t\t\t<div id=\"wd-66a5ad300d79a\" class=\"wd-image wd-wpb wd-rs-66a5ad300d79a text-center \">\n\t\t\t\n\t\t\t<img loading=\"lazy\" decoding=\"async\" width=\"450\" height=\"450\" src=\"https:\/\/sylviana.shop\/wp-content\/uploads\/2024\/07\/8-scaled-450x450.jpg\" class=\"attachment-450x450 size-450x450\" alt=\"\" srcset=\"https:\/\/sylviana.shop\/wp-content\/uploads\/2024\/07\/8-scaled-450x450.jpg 450w, https:\/\/sylviana.shop\/wp-content\/uploads\/2024\/07\/8-150x150.jpg 150w, https:\/\/sylviana.shop\/wp-content\/uploads\/2024\/07\/8-scaled-400x400.jpg 400w\" sizes=\"auto, (max-width: 450px) 100vw, 450px\" \/>\n\t\t\t\t\t<\/div>\n\t\t[\/vc_column][\/vc_row][vc_row][vc_column]\n\t\t<div id=\"wd-66a5ae7ebbf06\" class=\"title-wrapper wd-wpb set-mb-s reset-last-child  wd-rs-66a5ae7ebbf06 wd-title-color-primary wd-title-style-underlined-2 text-center  wd-underline-colored\">\n\t\t\t\n\t\t\t<div class=\"liner-continer\">\n\t\t\t\t<h4 class=\"woodmart-title-container title  wd-font-weight- wd-fontsize-xxl\" >84 Dagars<\/h4>\n\t\t\t\t\t\t\t<\/div>\n\t\t\t\n\t\t\t\t\t\t\t<div class=\"title-after_title  set-cont-mb-s reset-last-child  wd-fontsize-s\">Klinisk testad, effekt n\u00e5s efter 84 dagars anv\u00e4ndning.<\/div>\n\t\t\t\n\t\t\t\n\t\t<\/div>\n\t\t\n\t\t[\/vc_column][\/vc_row]<\/p>\n<\/div>","protected":false},"excerpt":{"rendered":"<p>[vc_row][vc_column][\/vc_column][\/vc_row][vc_row][vc_column][\/vc_column][\/vc_row]<\/p>\n","protected":false},"featured_media":10778,"template":"","meta":[],"product_brand":[],"product_cat":[86,87],"product_tag":[],"class_list":{"0":"post-10986","1":"product","2":"type-product","3":"status-publish","4":"has-post-thumbnail","6":"product_cat-anti-haravfall","7":"product_cat-halsa","9":"first","10":"instock","11":"shipping-taxable","12":"purchasable","13":"product-type-variable"},"_links":{"self":[{"href":"https:\/\/sylviana.shop\/sv\/wp-json\/wp\/v2\/product\/10986","targetHints":{"allow":["GET"]}}],"collection":[{"href":"https:\/\/sylviana.shop\/sv\/wp-json\/wp\/v2\/product"}],"about":[{"href":"https:\/\/sylviana.shop\/sv\/wp-json\/wp\/v2\/types\/product"}],"wp:featuredmedia":[{"embeddable":true,"href":"https:\/\/sylviana.shop\/sv\/wp-json\/wp\/v2\/media\/10778"}],"wp:attachment":[{"href":"https:\/\/sylviana.shop\/sv\/wp-json\/wp\/v2\/media?parent=10986"}],"wp:term":[{"taxonomy":"product_brand","embeddable":true,"href":"https:\/\/sylviana.shop\/sv\/wp-json\/wp\/v2\/product_brand?post=10986"},{"taxonomy":"product_cat","embeddable":true,"href":"https:\/\/sylviana.shop\/sv\/wp-json\/wp\/v2\/product_cat?post=10986"},{"taxonomy":"product_tag","embeddable":true,"href":"https:\/\/sylviana.shop\/sv\/wp-json\/wp\/v2\/product_tag?post=10986"}],"curies":[{"name":"wp","href":"https:\/\/api.w.org\/{rel}","templated":true}]}}