{"id":10985,"date":"2024-07-28T02:57:15","date_gmt":"2024-07-28T02:57:15","guid":{"rendered":"https:\/\/sylviana.shop\/product\/energizer-lotion-som-forebygger-haravfall\/"},"modified":"2024-08-01T16:39:38","modified_gmt":"2024-08-01T16:39:38","slug":"energizer-lotion-som-forebygger-haravfall","status":"publish","type":"product","link":"https:\/\/sylviana.shop\/sv\/produkt\/energizer-lotion-som-forebygger-haravfall\/","title":{"rendered":"Energizer Lotion som f\u00f6rebygger h\u00e5ravfall"},"content":{"rendered":"<div class=\"wpb-content-wrapper\"><p>[vc_row][vc_column]\n\t\t<div id=\"wd-66abba11d274e\" class=\"title-wrapper wd-wpb set-mb-s reset-last-child  wd-rs-66abba11d274e wd-title-color-default wd-title-style-underlined text-center wd-off-anim wpb_animate_when_almost_visible wpb_fadeIn fadeIn wd-anim-name_fadeIn  wd-underline-colored\">\n\t\t\t\n\t\t\t<div class=\"liner-continer\">\n\t\t\t\t<h4 class=\"woodmart-title-container title  wd-font-weight- wd-fontsize-l\" >OM PRODUKTEN<\/h4>\n\t\t\t\t\t\t\t<\/div>\n\t\t\t\n\t\t\t\t\t\t\t<div class=\"title-after_title  set-cont-mb-s reset-last-child  wd-fontsize-xs\">F\u00f6rebyggande mot h\u00e5ravfall. Normaliserar h\u00e5rbotten och fr\u00e4mjar optimala fysiologiska f\u00f6r uts\u00e4ttningar f\u00f6r tillv\u00e4xten av ett starkt och friskt h\u00e5r. Dess formel med koffein och guarana st\u00e4rker h\u00e5rbotten och stimulerar h\u00e5rets r\u00f6tter.<\/div>\n\t\t\t\n\t\t\t\n\t\t<\/div>\n\t\t\n\t\t\n\t\t<div id=\"wd-66abba3147f72\" class=\"title-wrapper wd-wpb set-mb-s reset-last-child  wd-rs-66abba3147f72 wd-title-color-default wd-title-style-underlined text-center wd-off-anim wpb_animate_when_almost_visible wpb_fadeIn fadeIn wd-anim-name_fadeIn  wd-underline-colored\">\n\t\t\t\n\t\t\t<div class=\"liner-continer\">\n\t\t\t\t<h4 class=\"woodmart-title-container title  wd-font-weight- wd-fontsize-l\" >ANVISNINGAR<\/h4>\n\t\t\t\t\t\t\t<\/div>\n\t\t\t\n\t\t\t\t\t\t\t<div class=\"title-after_title  set-cont-mb-s reset-last-child  wd-fontsize-xs\">B\u00f6rja med att applicera produkten varje dag under tv\u00e5 veckor. Forts\u00e4tt tre g\u00e5nger i veckan under ytterligare sex veckor. Upprepa behandlingen tv\u00e5 g\u00e5nger per \u00e5r, l\u00e4mpligen under v\u00e5ren och h\u00f6sten. Sprid ut produkten noggrant \u00f6ver h\u00e5rbotten. Massera in med fingertopparna: det ska vara en roterande r\u00f6relse och lite grann tryck fr\u00e5n fingrarna. Styla h\u00e5ret utan att ha sk\u00f6ljt bort produkten.<\/div>\n\t\t\t\n\t\t\t\n\t\t<\/div>\n\t\t\n\t\t\n\t\t<div id=\"wd-66a5b41ce923d\" class=\"title-wrapper wd-wpb set-mb-s reset-last-child  wd-rs-66a5b41ce923d wd-title-color-default wd-title-style-underlined text-center wd-off-anim wpb_animate_when_almost_visible wpb_fadeIn fadeIn wd-anim-name_fadeIn  wd-underline-colored\">\n\t\t\t\n\t\t\t<div class=\"liner-continer\">\n\t\t\t\t<h4 class=\"woodmart-title-container title  wd-font-weight- wd-fontsize-l\" >INGREDIENSER<\/h4>\n\t\t\t\t\t\t\t<\/div>\n\t\t\t\n\t\t\t\t\t\t\t<div class=\"title-after_title  set-cont-mb-s reset-last-child  wd-fontsize-xs\">AQUA, ALCOHOL DENAT., PEG-40 HYDROGENATED CASTOR OIL, PAULLINIA CUPANA SEED EXTRACT, BUTYLENE GLYCOL, EUCALYPTOL, PARFUM, CAMELLIA SINENSIS LEAF EXTRACT, TUSSILAGO FARFARA FLOWER EXTRACT, COFFEA ROBUSTA SEED EXTRACT, ACHILLEA MILLEFOLIUM EXTRACT, CINCHONA SUCCIRUBRA BARK EXTRACT, VANILLYL BUTYL ETHER, MENTHOL, COLA ACUMINATA SEED EXTRACT, ETHYLHEXYL METHOXYCINNAMATE, CREATINE, PHENOXYETHANOL, LARIX EUROPAEA WOOD EXTRACT, PROPYLENE GLYCOL, GLYCERIN, LINALOOL, LIMONENE, COUMARIN, ALPHA ISOMETHYL IONONE, HYDROXYCITRONELLAL, SODIUM METABISULFITE, GLYCINE, ZINC CHLORIDE.<\/div>\n\t\t\t\n\t\t\t\n\t\t<\/div>\n\t\t\n\t\t\t\t<div id=\"wd-66a5ad300d79a\" class=\"wd-image wd-wpb wd-rs-66a5ad300d79a text-center \">\n\t\t\t\n\t\t\t<img loading=\"lazy\" decoding=\"async\" width=\"450\" height=\"450\" src=\"https:\/\/sylviana.shop\/wp-content\/uploads\/2024\/07\/8-scaled-450x450.jpg\" class=\"attachment-450x450 size-450x450\" alt=\"\" srcset=\"https:\/\/sylviana.shop\/wp-content\/uploads\/2024\/07\/8-scaled-450x450.jpg 450w, https:\/\/sylviana.shop\/wp-content\/uploads\/2024\/07\/8-150x150.jpg 150w, https:\/\/sylviana.shop\/wp-content\/uploads\/2024\/07\/8-scaled-400x400.jpg 400w\" sizes=\"auto, (max-width: 450px) 100vw, 450px\" \/>\n\t\t\t\t\t<\/div>\n\t\t[\/vc_column][\/vc_row][vc_row][vc_column]\n\t\t<div id=\"wd-66a5ae7ebbf06\" class=\"title-wrapper wd-wpb set-mb-s reset-last-child  wd-rs-66a5ae7ebbf06 wd-title-color-primary wd-title-style-underlined-2 text-center  wd-underline-colored\">\n\t\t\t\n\t\t\t<div class=\"liner-continer\">\n\t\t\t\t<h4 class=\"woodmart-title-container title  wd-font-weight- wd-fontsize-xxl\" >84 Dagars<\/h4>\n\t\t\t\t\t\t\t<\/div>\n\t\t\t\n\t\t\t\t\t\t\t<div class=\"title-after_title  set-cont-mb-s reset-last-child  wd-fontsize-s\">Klinisk testad, effekt n\u00e5s efter 84 dagars anv\u00e4ndning.<\/div>\n\t\t\t\n\t\t\t\n\t\t<\/div>\n\t\t\n\t\t[\/vc_column][\/vc_row]<\/p>\n<\/div>","protected":false},"excerpt":{"rendered":"<p>[vc_row][vc_column][\/vc_column][\/vc_row][vc_row][vc_column][\/vc_column][\/vc_row]<\/p>\n","protected":false},"featured_media":10786,"template":"","meta":[],"product_brand":[],"product_cat":[86,87],"product_tag":[],"class_list":{"0":"post-10985","1":"product","2":"type-product","3":"status-publish","4":"has-post-thumbnail","6":"product_cat-anti-haravfall","7":"product_cat-halsa","9":"first","10":"instock","11":"shipping-taxable","12":"purchasable","13":"product-type-simple"},"_links":{"self":[{"href":"https:\/\/sylviana.shop\/sv\/wp-json\/wp\/v2\/product\/10985","targetHints":{"allow":["GET"]}}],"collection":[{"href":"https:\/\/sylviana.shop\/sv\/wp-json\/wp\/v2\/product"}],"about":[{"href":"https:\/\/sylviana.shop\/sv\/wp-json\/wp\/v2\/types\/product"}],"wp:featuredmedia":[{"embeddable":true,"href":"https:\/\/sylviana.shop\/sv\/wp-json\/wp\/v2\/media\/10786"}],"wp:attachment":[{"href":"https:\/\/sylviana.shop\/sv\/wp-json\/wp\/v2\/media?parent=10985"}],"wp:term":[{"taxonomy":"product_brand","embeddable":true,"href":"https:\/\/sylviana.shop\/sv\/wp-json\/wp\/v2\/product_brand?post=10985"},{"taxonomy":"product_cat","embeddable":true,"href":"https:\/\/sylviana.shop\/sv\/wp-json\/wp\/v2\/product_cat?post=10985"},{"taxonomy":"product_tag","embeddable":true,"href":"https:\/\/sylviana.shop\/sv\/wp-json\/wp\/v2\/product_tag?post=10985"}],"curies":[{"name":"wp","href":"https:\/\/api.w.org\/{rel}","templated":true}]}}