{"id":10984,"date":"2024-07-28T02:53:29","date_gmt":"2024-07-28T02:53:29","guid":{"rendered":"https:\/\/sylviana.shop\/product\/stimulerande-spray-som-forebygger-haravfall\/"},"modified":"2024-08-01T16:36:56","modified_gmt":"2024-08-01T16:36:56","slug":"stimulerande-spray-som-forebygger-haravfall","status":"publish","type":"product","link":"https:\/\/sylviana.shop\/sv\/produkt\/stimulerande-spray-som-forebygger-haravfall\/","title":{"rendered":"Stimulerande Spray som f\u00f6rebygger h\u00e5ravfall."},"content":{"rendered":"<div class=\"wpb-content-wrapper\"><p>[vc_row][vc_column]\n\t\t<div id=\"wd-66a5b2e3ad2d1\" class=\"title-wrapper wd-wpb set-mb-s reset-last-child  wd-rs-66a5b2e3ad2d1 wd-title-color-default wd-title-style-underlined text-center wd-off-anim wpb_animate_when_almost_visible wpb_fadeIn fadeIn wd-anim-name_fadeIn  wd-underline-colored\">\n\t\t\t\n\t\t\t<div class=\"liner-continer\">\n\t\t\t\t<h4 class=\"woodmart-title-container title  wd-font-weight- wd-fontsize-l\" >OM PRODUKTEN<\/h4>\n\t\t\t\t\t\t\t<\/div>\n\t\t\t\n\t\t\t\t\t\t\t<div class=\"title-after_title  set-cont-mb-s reset-last-child  wd-fontsize-xs\">Volymgivande och f\u00f6rebyggande mot h\u00e5ravfall. Tack vare sina aktiva egenskaper hj\u00e4lper den till att \u00e5ter balansera de fysiologiska processerna, stimulera \u00e4mnesoms\u00e4ttningen i cellerna, f\u00f6rb\u00e4ttra mikrocirkulationen genom att \u00f6ka andelen h\u00e5r som befinner sig i den anagena fasen och reducera andelen som \u00e4r i den telogena fasen. Den motverkar h\u00e5ratrofi och \u00e5ldrande, st\u00e4rker f\u00f6rsvagat h\u00e5r och f\u00f6rb\u00e4ttrar dess regenerationsf\u00f6rm\u00e5ga samtidigt som den motverkar tillf\u00e4lligt h\u00e5ravfall b\u00e5de hos m\u00e4n och kvinnor. Den tynger inte ner h\u00e5ret och torkar snabbt.<\/div>\n\t\t\t\n\t\t\t\n\t\t<\/div>\n\t\t\n\t\t\n\t\t<div id=\"wd-66abb992203d1\" class=\"title-wrapper wd-wpb set-mb-s reset-last-child  wd-rs-66abb992203d1 wd-title-color-default wd-title-style-underlined text-center wd-off-anim wpb_animate_when_almost_visible wpb_fadeIn fadeIn wd-anim-name_fadeIn  wd-underline-colored\">\n\t\t\t\n\t\t\t<div class=\"liner-continer\">\n\t\t\t\t<h4 class=\"woodmart-title-container title  wd-font-weight- wd-fontsize-l\" >ANVISNINGAR<\/h4>\n\t\t\t\t\t\t\t<\/div>\n\t\t\t\n\t\t\t\t\t\t\t<div class=\"title-after_title  set-cont-mb-s reset-last-child  wd-fontsize-xs\">Skaka innan anv\u00e4ndning. Spraya \u00f6ver v\u00e5tt eller torrt h\u00e5r med ca 20cm avst\u00e5nd. F\u00f6rdela j\u00e4mt och sk\u00f6lj inte. Torka och styla efter \u00f6nskem\u00e5l.<\/div>\n\t\t\t\n\t\t\t\n\t\t<\/div>\n\t\t\n\t\t\n\t\t<div id=\"wd-66a5b31f76482\" class=\"title-wrapper wd-wpb set-mb-s reset-last-child  wd-rs-66a5b31f76482 wd-title-color-default wd-title-style-underlined text-center wd-off-anim wpb_animate_when_almost_visible wpb_fadeIn fadeIn wd-anim-name_fadeIn  wd-underline-colored\">\n\t\t\t\n\t\t\t<div class=\"liner-continer\">\n\t\t\t\t<h4 class=\"woodmart-title-container title  wd-font-weight- wd-fontsize-l\" >INGREDIENSER<\/h4>\n\t\t\t\t\t\t\t<\/div>\n\t\t\t\n\t\t\t\t\t\t\t<div class=\"title-after_title  set-cont-mb-s reset-last-child  wd-fontsize-xs\">AQUA, CYCLOPENTASILOXANE, AMODIMETHICONE, PEG-40 HYDROGENATED CASTOR OIL, LARIX EUROPAEA WOOD EXTRACT, POLYQUATERNIUM-6, CAMELLIA SINENSIS LEAF EXTRACT, ETHYLTRIMONIUM CHLORIDE METHACRYLATE\/HYDROLYZED WHEAT PROTEIN COPOLYMER, PAULLINIA CUPANA SEED EXTRACT, COLA ACUMINATA SEED EXTRACT, PARFUM, PANTHENOL, COFFEA ROBUSTA SEED EXTRACT, TRIDECETH-12, CITRIC ACID, GLYCERIN, TETRASODIUM EDTA, CREATINE, PHENYL TRIMETHICONE, EUCALYPTOL, BUTYLENE GLYCOL, CETRIMONIUM CHLORIDE, PHENOXYETHANOL, IODOPROPYNYL BUTYLCARBAMATE, GLYCINE, SODIUM METABISULFITE, ZINC CHLORIDE.<\/div>\n\t\t\t\n\t\t\t\n\t\t<\/div>\n\t\t\n\t\t\t\t<div id=\"wd-66a5ad300d79a\" class=\"wd-image wd-wpb wd-rs-66a5ad300d79a text-center \">\n\t\t\t\n\t\t\t<img loading=\"lazy\" decoding=\"async\" width=\"450\" height=\"450\" src=\"https:\/\/sylviana.shop\/wp-content\/uploads\/2024\/07\/8-scaled-450x450.jpg\" class=\"attachment-450x450 size-450x450\" alt=\"\" srcset=\"https:\/\/sylviana.shop\/wp-content\/uploads\/2024\/07\/8-scaled-450x450.jpg 450w, https:\/\/sylviana.shop\/wp-content\/uploads\/2024\/07\/8-150x150.jpg 150w, https:\/\/sylviana.shop\/wp-content\/uploads\/2024\/07\/8-scaled-400x400.jpg 400w\" sizes=\"auto, (max-width: 450px) 100vw, 450px\" \/>\n\t\t\t\t\t<\/div>\n\t\t[\/vc_column][\/vc_row][vc_row][vc_column]\n\t\t<div id=\"wd-66a5ae7ebbf06\" class=\"title-wrapper wd-wpb set-mb-s reset-last-child  wd-rs-66a5ae7ebbf06 wd-title-color-primary wd-title-style-underlined-2 text-center  wd-underline-colored\">\n\t\t\t\n\t\t\t<div class=\"liner-continer\">\n\t\t\t\t<h4 class=\"woodmart-title-container title  wd-font-weight- wd-fontsize-xxl\" >84 Dagars<\/h4>\n\t\t\t\t\t\t\t<\/div>\n\t\t\t\n\t\t\t\t\t\t\t<div class=\"title-after_title  set-cont-mb-s reset-last-child  wd-fontsize-s\">Klinisk testad, effekt n\u00e5s efter 84 dagars anv\u00e4ndning.<\/div>\n\t\t\t\n\t\t\t\n\t\t<\/div>\n\t\t\n\t\t[\/vc_column][\/vc_row]<\/p>\n<\/div>","protected":false},"excerpt":{"rendered":"<p>[vc_row][vc_column][\/vc_column][\/vc_row][vc_row][vc_column][\/vc_column][\/vc_row]<\/p>\n","protected":false},"featured_media":10784,"template":"","meta":[],"product_brand":[],"product_cat":[86,87],"product_tag":[],"class_list":{"0":"post-10984","1":"product","2":"type-product","3":"status-publish","4":"has-post-thumbnail","6":"product_cat-anti-haravfall","7":"product_cat-halsa","9":"first","10":"instock","11":"shipping-taxable","12":"purchasable","13":"product-type-simple"},"_links":{"self":[{"href":"https:\/\/sylviana.shop\/sv\/wp-json\/wp\/v2\/product\/10984","targetHints":{"allow":["GET"]}}],"collection":[{"href":"https:\/\/sylviana.shop\/sv\/wp-json\/wp\/v2\/product"}],"about":[{"href":"https:\/\/sylviana.shop\/sv\/wp-json\/wp\/v2\/types\/product"}],"wp:featuredmedia":[{"embeddable":true,"href":"https:\/\/sylviana.shop\/sv\/wp-json\/wp\/v2\/media\/10784"}],"wp:attachment":[{"href":"https:\/\/sylviana.shop\/sv\/wp-json\/wp\/v2\/media?parent=10984"}],"wp:term":[{"taxonomy":"product_brand","embeddable":true,"href":"https:\/\/sylviana.shop\/sv\/wp-json\/wp\/v2\/product_brand?post=10984"},{"taxonomy":"product_cat","embeddable":true,"href":"https:\/\/sylviana.shop\/sv\/wp-json\/wp\/v2\/product_cat?post=10984"},{"taxonomy":"product_tag","embeddable":true,"href":"https:\/\/sylviana.shop\/sv\/wp-json\/wp\/v2\/product_tag?post=10984"}],"curies":[{"name":"wp","href":"https:\/\/api.w.org\/{rel}","templated":true}]}}