{"id":10983,"date":"2024-07-26T10:22:06","date_gmt":"2024-07-26T10:22:06","guid":{"rendered":"https:\/\/sylviana.shop\/product\/hempcare-shampo\/"},"modified":"2024-08-01T16:26:17","modified_gmt":"2024-08-01T16:26:17","slug":"hempcare-shampo","status":"publish","type":"product","link":"https:\/\/sylviana.shop\/sv\/produkt\/hempcare-shampo\/","title":{"rendered":"HempCare Shampo"},"content":{"rendered":"<div class=\"wpb-content-wrapper\"><p>[vc_row][vc_column]\n\t\t<div id=\"wd-66a377e712e8d\" class=\"title-wrapper wd-wpb set-mb-s reset-last-child  wd-rs-66a377e712e8d wd-title-color-default wd-title-style-underlined text-center wd-off-anim wpb_animate_when_almost_visible wpb_fadeIn fadeIn wd-anim-name_fadeIn  wd-underline-colored\">\n\t\t\t\n\t\t\t<div class=\"liner-continer\">\n\t\t\t\t<h4 class=\"woodmart-title-container title  wd-font-weight- wd-fontsize-l\" >OM PRODUKTEN<\/h4>\n\t\t\t\t\t\t\t<\/div>\n\t\t\t\n\t\t\t\t\t\t\t<div class=\"title-after_title  set-cont-mb-s reset-last-child  wd-fontsize-xs\">Hydratiserande schampo f\u00f6r torrt h\u00e5r och f\u00f6rsvagat h\u00e5r. Schampot \u00e4r berikat med hampafr\u00f6olja och Ceramide Complex. Det har utm\u00e4rkta hydratiserande, n\u00e4rande och f\u00f6rst\u00e4rkande egenskaper. Det reng\u00f6r f\u00f6rsiktigt och \u00e5terst\u00e4ller den hydrolipidiska balansen. Ger h\u00e4lsosamt, lent och fylligt h\u00e5r.<\/div>\n\t\t\t\n\t\t\t\n\t\t<\/div>\n\t\t\n\t\t\n\t\t<div id=\"wd-66a3781d0781e\" class=\"title-wrapper wd-wpb set-mb-s reset-last-child  wd-rs-66a3781d0781e wd-title-color-default wd-title-style-underlined text-center wd-off-anim wpb_animate_when_almost_visible wpb_fadeIn fadeIn wd-anim-name_fadeIn  wd-underline-colored\">\n\t\t\t\n\t\t\t<div class=\"liner-continer\">\n\t\t\t\t<h4 class=\"woodmart-title-container title  wd-font-weight- wd-fontsize-l\" >ANVISNINGAR<\/h4>\n\t\t\t\t\t\t\t<\/div>\n\t\t\t\n\t\t\t\t\t\t\t<div class=\"title-after_title  set-cont-mb-s reset-last-child  wd-fontsize-xs\">Applicera p\u00e5 h\u00e5rbotten, som ska vara fuktig. Massera in f\u00f6rsiktigt, och sk\u00f6lj sedan ordentligt. Upprepa om det beh\u00f6vs. Ger h\u00e4lsosamt, lent och fylligt h\u00e5r.<\/div>\n\t\t\t\n\t\t\t\n\t\t<\/div>\n\t\t\n\t\t\n\t\t<div id=\"wd-66a376d83064e\" class=\"title-wrapper wd-wpb set-mb-s reset-last-child  wd-rs-66a376d83064e wd-title-color-default wd-title-style-underlined text-center wd-off-anim wpb_animate_when_almost_visible wpb_fadeIn fadeIn wd-anim-name_fadeIn  wd-underline-colored\">\n\t\t\t\n\t\t\t<div class=\"liner-continer\">\n\t\t\t\t<h4 class=\"woodmart-title-container title  wd-font-weight- wd-fontsize-l\" >INGREDIENSER<\/h4>\n\t\t\t\t\t\t\t<\/div>\n\t\t\t\n\t\t\t\t\t\t\t<div class=\"title-after_title  set-cont-mb-s reset-last-child  wd-fontsize-xs\">AQUA, SODIUM C14-16 OLEFIN SULFONATE, SODIUM COCOAMPHOACETATE, CETYL BETAINE, LAURYL GLUCOSIDE, GLYCERIN, CANNABIS SATIVA SEED OIL, MARIS SAL, GUAR HYDROXYPROPYLTRIMONIUM CHLORIDE, PARFUM, CITRIC ACID, PEG-7 GLYCERYL COCOATE, SODIUM COCOYL GLUTAMATE, HELIANTHUS ANNUUS SEED EXTRACT, SODIUM LAURYL GLUCOSE CARBOXYLATE, DECYL GLUCOSIDE, POLYQUATERNIUM-7, STYRENE\/VP COPOLYMER, TETRASODIUM GLUTAMATE DIACETATE, COUMARIN, TOCOPHERYL ACETATE, METHYLCHLOROISOTHIAZOLINONE, METHYLISOTHIAZOLINONE, LINALOOL.<\/div>\n\t\t\t\n\t\t\t\n\t\t<\/div>\n\t\t\n\t\t\t\t<div id=\"wd-66a5a644d4ffd\" class=\"wd-image wd-wpb wd-rs-66a5a644d4ffd text-center \">\n\t\t\t\n\t\t\t<img loading=\"lazy\" decoding=\"async\" width=\"450\" height=\"450\" src=\"https:\/\/sylviana.shop\/wp-content\/uploads\/2024\/07\/8-scaled-450x450.jpg\" class=\"attachment-450x450 size-450x450\" alt=\"\" srcset=\"https:\/\/sylviana.shop\/wp-content\/uploads\/2024\/07\/8-scaled-450x450.jpg 450w, https:\/\/sylviana.shop\/wp-content\/uploads\/2024\/07\/8-150x150.jpg 150w, https:\/\/sylviana.shop\/wp-content\/uploads\/2024\/07\/8-scaled-400x400.jpg 400w\" sizes=\"auto, (max-width: 450px) 100vw, 450px\" \/>\n\t\t\t\t\t<\/div>\n\t\t[\/vc_column][\/vc_row]<\/p>\n<\/div>","protected":false},"excerpt":{"rendered":"<p>[vc_row][vc_column][\/vc_column][\/vc_row]<\/p>\n","protected":false},"featured_media":10760,"template":"","meta":[],"product_brand":[],"product_cat":[87,88],"product_tag":[],"class_list":{"0":"post-10983","1":"product","2":"type-product","3":"status-publish","4":"has-post-thumbnail","6":"product_cat-halsa","7":"product_cat-hampavard","9":"first","10":"instock","11":"shipping-taxable","12":"purchasable","13":"product-type-simple"},"_links":{"self":[{"href":"https:\/\/sylviana.shop\/sv\/wp-json\/wp\/v2\/product\/10983","targetHints":{"allow":["GET"]}}],"collection":[{"href":"https:\/\/sylviana.shop\/sv\/wp-json\/wp\/v2\/product"}],"about":[{"href":"https:\/\/sylviana.shop\/sv\/wp-json\/wp\/v2\/types\/product"}],"wp:featuredmedia":[{"embeddable":true,"href":"https:\/\/sylviana.shop\/sv\/wp-json\/wp\/v2\/media\/10760"}],"wp:attachment":[{"href":"https:\/\/sylviana.shop\/sv\/wp-json\/wp\/v2\/media?parent=10983"}],"wp:term":[{"taxonomy":"product_brand","embeddable":true,"href":"https:\/\/sylviana.shop\/sv\/wp-json\/wp\/v2\/product_brand?post=10983"},{"taxonomy":"product_cat","embeddable":true,"href":"https:\/\/sylviana.shop\/sv\/wp-json\/wp\/v2\/product_cat?post=10983"},{"taxonomy":"product_tag","embeddable":true,"href":"https:\/\/sylviana.shop\/sv\/wp-json\/wp\/v2\/product_tag?post=10983"}],"curies":[{"name":"wp","href":"https:\/\/api.w.org\/{rel}","templated":true}]}}