{"id":10982,"date":"2024-07-27T23:47:14","date_gmt":"2024-07-27T23:47:14","guid":{"rendered":"https:\/\/sylviana.shop\/product\/hempcare-conditioner\/"},"modified":"2024-08-01T16:23:17","modified_gmt":"2024-08-01T16:23:17","slug":"hempcare-conditioner","status":"publish","type":"product","link":"https:\/\/sylviana.shop\/sv\/produkt\/hempcare-conditioner\/","title":{"rendered":"HempCare Conditioner"},"content":{"rendered":"<div class=\"wpb-content-wrapper\"><p>[vc_row][vc_column]\n\t\t<div id=\"wd-66a5872418244\" class=\"title-wrapper wd-wpb set-mb-s reset-last-child  wd-rs-66a5872418244 wd-title-color-default wd-title-style-underlined text-center wd-off-anim wpb_animate_when_almost_visible wpb_fadeIn fadeIn wd-anim-name_fadeIn  wd-underline-colored\">\n\t\t\t\n\t\t\t<div class=\"liner-continer\">\n\t\t\t\t<h4 class=\"woodmart-title-container title  wd-font-weight- wd-fontsize-l\" >OM PRODUKTEN<\/h4>\n\t\t\t\t\t\t\t<\/div>\n\t\t\t\n\t\t\t\t\t\t\t<div class=\"title-after_title  set-cont-mb-s reset-last-child  wd-fontsize-xs\">Hydratiserande balsam f\u00f6r torrt och f\u00f6rsvagat h\u00e5r. Balsam \u00e4r berikat med hampafr\u00f6olja och Ceramide Complex. Det har utm\u00e4rkta hydratiserande, n\u00e4rande och f\u00f6rst\u00e4rkande egenskaper. Det reng\u00f6r f\u00f6rsiktigt och \u00e5terst\u00e4ller den hydrolipidiska balansen. Ger h\u00e4lsosamt, lent och fylligt h\u00e5r. Rekommenderas att kombineras med HempCare Shampo.<\/div>\n\t\t\t\n\t\t\t\n\t\t<\/div>\n\t\t\n\t\t\n\t\t<div id=\"wd-66a58747d65bf\" class=\"title-wrapper wd-wpb set-mb-s reset-last-child  wd-rs-66a58747d65bf wd-title-color-default wd-title-style-underlined text-center wd-off-anim wpb_animate_when_almost_visible wpb_fadeIn fadeIn wd-anim-name_fadeIn  wd-underline-colored\">\n\t\t\t\n\t\t\t<div class=\"liner-continer\">\n\t\t\t\t<h4 class=\"woodmart-title-container title  wd-font-weight- wd-fontsize-l\" >ANVISNINGAR<\/h4>\n\t\t\t\t\t\t\t<\/div>\n\t\t\t\n\t\t\t\t\t\t\t<div class=\"title-after_title  set-cont-mb-s reset-last-child  wd-fontsize-xs\">Applicera p\u00e5 h\u00e5ret n\u00e4r det \u00e4r rent och handdukstorrt Kamma igenom h\u00e5ret s\u00e5 att balsamet sprids ut. L\u00e5t det vila 1-2 minuter. Sk\u00f6ljer du ordentligt och stylar efter behag. Anv\u00e4nd regelbundet f\u00f6r b\u00e4sta resultat. Forts\u00e4tt med HEMPCARE SHAMPOO.<\/div>\n\t\t\t\n\t\t\t\n\t\t<\/div>\n\t\t\n\t\t\n\t\t<div id=\"wd-66a5875bbd362\" class=\"title-wrapper wd-wpb set-mb-s reset-last-child  wd-rs-66a5875bbd362 wd-title-color-default wd-title-style-underlined text-center wd-off-anim wpb_animate_when_almost_visible wpb_fadeIn fadeIn wd-anim-name_fadeIn  wd-underline-colored\">\n\t\t\t\n\t\t\t<div class=\"liner-continer\">\n\t\t\t\t<h4 class=\"woodmart-title-container title  wd-font-weight- wd-fontsize-l\" >INGREDIENSER<\/h4>\n\t\t\t\t\t\t\t<\/div>\n\t\t\t\n\t\t\t\t\t\t\t<div class=\"title-after_title  set-cont-mb-s reset-last-child  wd-fontsize-xs\">AQUA, CETEARYL ALCOHOL, CETRIMONIUM CHLORIDE, AVENA STRIGOSA SEED EXTRACT, GLYCERYL STEARATE, LECITHIN, PARFUM, DIPALMITOYLETHYL HYDROXYETHYLMONIUM METHOSULFATE, CANNABIS SATIVA SEED OIL, ETHYLHEXYL PALMITATE, IODOPROPYNYL BUTYLCARBAMATE, HELIANTHUS ANNUUS SEED EXTRACT, GLYCERIN, LINALOOL, PHENOXYETHANOL, CITRIC ACID, DECYL GLUCOSIDE.<\/div>\n\t\t\t\n\t\t\t\n\t\t<\/div>\n\t\t\n\t\t\t\t<div id=\"wd-66a586d86cfe5\" class=\"wd-image wd-wpb wd-rs-66a586d86cfe5 text-center \">\n\t\t\t\n\t\t\t<img loading=\"lazy\" decoding=\"async\" width=\"450\" height=\"450\" src=\"https:\/\/sylviana.shop\/wp-content\/uploads\/2024\/07\/8-scaled-450x450.jpg\" class=\"attachment-450x450 size-450x450\" alt=\"\" srcset=\"https:\/\/sylviana.shop\/wp-content\/uploads\/2024\/07\/8-scaled-450x450.jpg 450w, https:\/\/sylviana.shop\/wp-content\/uploads\/2024\/07\/8-150x150.jpg 150w, https:\/\/sylviana.shop\/wp-content\/uploads\/2024\/07\/8-scaled-400x400.jpg 400w\" sizes=\"auto, (max-width: 450px) 100vw, 450px\" \/>\n\t\t\t\t\t<\/div>\n\t\t[\/vc_column][\/vc_row]<\/p>\n<\/div>","protected":false},"excerpt":{"rendered":"<p>[vc_row][vc_column][\/vc_column][\/vc_row]<\/p>\n","protected":false},"featured_media":10764,"template":"","meta":[],"product_brand":[],"product_cat":[87,88],"product_tag":[],"class_list":{"0":"post-10982","1":"product","2":"type-product","3":"status-publish","4":"has-post-thumbnail","6":"product_cat-halsa","7":"product_cat-hampavard","9":"first","10":"instock","11":"shipping-taxable","12":"purchasable","13":"product-type-simple"},"_links":{"self":[{"href":"https:\/\/sylviana.shop\/sv\/wp-json\/wp\/v2\/product\/10982","targetHints":{"allow":["GET"]}}],"collection":[{"href":"https:\/\/sylviana.shop\/sv\/wp-json\/wp\/v2\/product"}],"about":[{"href":"https:\/\/sylviana.shop\/sv\/wp-json\/wp\/v2\/types\/product"}],"wp:featuredmedia":[{"embeddable":true,"href":"https:\/\/sylviana.shop\/sv\/wp-json\/wp\/v2\/media\/10764"}],"wp:attachment":[{"href":"https:\/\/sylviana.shop\/sv\/wp-json\/wp\/v2\/media?parent=10982"}],"wp:term":[{"taxonomy":"product_brand","embeddable":true,"href":"https:\/\/sylviana.shop\/sv\/wp-json\/wp\/v2\/product_brand?post=10982"},{"taxonomy":"product_cat","embeddable":true,"href":"https:\/\/sylviana.shop\/sv\/wp-json\/wp\/v2\/product_cat?post=10982"},{"taxonomy":"product_tag","embeddable":true,"href":"https:\/\/sylviana.shop\/sv\/wp-json\/wp\/v2\/product_tag?post=10982"}],"curies":[{"name":"wp","href":"https:\/\/api.w.org\/{rel}","templated":true}]}}