{"id":10981,"date":"2024-07-27T23:01:19","date_gmt":"2024-07-27T23:01:19","guid":{"rendered":"https:\/\/sylviana.shop\/product\/hempcare-mask\/"},"modified":"2024-08-01T16:17:27","modified_gmt":"2024-08-01T16:17:27","slug":"hempcare-mask","status":"publish","type":"product","link":"https:\/\/sylviana.shop\/sv\/produkt\/hempcare-mask\/","title":{"rendered":"HempCare Mask"},"content":{"rendered":"<div class=\"wpb-content-wrapper\"><p>[vc_row][vc_column]\n\t\t<div id=\"wd-66a57d54dfa7c\" class=\"title-wrapper wd-wpb set-mb-s reset-last-child  wd-rs-66a57d54dfa7c wd-title-color-default wd-title-style-underlined text-center wd-off-anim wpb_animate_when_almost_visible wpb_fadeIn fadeIn wd-anim-name_fadeIn  wd-underline-colored\">\n\t\t\t\n\t\t\t<div class=\"liner-continer\">\n\t\t\t\t<h4 class=\"woodmart-title-container title  wd-font-weight- wd-fontsize-l\" >OM PRODUKTEN<\/h4>\n\t\t\t\t\t\t\t<\/div>\n\t\t\t\n\t\t\t\t\t\t\t<div class=\"title-after_title  set-cont-mb-s reset-last-child  wd-fontsize-xs\">Intensivt hydratiserande inpackning f\u00f6r torrt h\u00e5r och f\u00f6rsvagat h\u00e5r. H\u00e5rinpackningen \u00e4r berikad med hampafr\u00f6olja och Ceramide Complex. Den har utm\u00e4rkta&lt;br&gt;hydratiserande, n\u00e4rande och f\u00f6rst\u00e4rkande egenskaper. Den tr\u00e4nger in djupt och \u00e5terst\u00e4ller r\u00e4tt&lt;br&gt;hydrationsniv\u00e5 hos torrt till extremt torrt h\u00e5r. <\/div>\n\t\t\t\n\t\t\t\n\t\t<\/div>\n\t\t\n\t\t\n\t\t<div id=\"wd-66a57d7559bae\" class=\"title-wrapper wd-wpb set-mb-s reset-last-child  wd-rs-66a57d7559bae wd-title-color-default wd-title-style-underlined text-center wd-off-anim wpb_animate_when_almost_visible wpb_fadeIn fadeIn wd-anim-name_fadeIn  wd-underline-colored\">\n\t\t\t\n\t\t\t<div class=\"liner-continer\">\n\t\t\t\t<h4 class=\"woodmart-title-container title  wd-font-weight- wd-fontsize-l\" >ANVISNINGAR<\/h4>\n\t\t\t\t\t\t\t<\/div>\n\t\t\t\n\t\t\t\t\t\t\t<div class=\"title-after_title  set-cont-mb-s reset-last-child  wd-fontsize-xs\">Kamma igenom s\u00e5 att Kamma igenom s\u00e5 att inpackningen sprids ut ordentligt. L\u00e5t vila 3-5 minuter. Sk\u00f6lj ordentligt och styla efter behag. Anv\u00e4nd en eller tv\u00e5 g\u00e5nger per&lt;br&gt;vecka.<\/div>\n\t\t\t\n\t\t\t\n\t\t<\/div>\n\t\t\n\t\t\n\t\t<div id=\"wd-66a57ceb255a8\" class=\"title-wrapper wd-wpb set-mb-s reset-last-child  wd-rs-66a57ceb255a8 wd-title-color-default wd-title-style-underlined text-center wd-off-anim wpb_animate_when_almost_visible wpb_fadeIn fadeIn wd-anim-name_fadeIn  wd-underline-colored\">\n\t\t\t\n\t\t\t<div class=\"liner-continer\">\n\t\t\t\t<h4 class=\"woodmart-title-container title  wd-font-weight- wd-fontsize-l\" >INGREDIENSER<\/h4>\n\t\t\t\t\t\t\t<\/div>\n\t\t\t\n\t\t\t\t\t\t\t<div class=\"title-after_title  set-cont-mb-s reset-last-child  wd-fontsize-xs\">AQUA, CETEARYL ALCOHOL, MYRISTYL ALCOHOL, CETRIMONIUM CHLORIDE, GLYCERYL STEARATE, CANNABIS SATIVA SEED OIL, AVENA STRIGOSA SEED EXTRACT, ETHYLHEXYL PALMITATE, HELIANTHUS ANNUUS SEED EXTRACT, GLYCERIN, DIPALMITOYLETHYL HYDROXYETHYLMONIUM METHOSULFATE, JUGLANS REGIA SHELL EXTRACT, PARFUM, POLYQUATERNIUM-37, PROPYLENE GLYCOL DICAPRYLATE\/DICAPRATE, PPG-1 TRIDECETH-6, CITRIC ACID, DECYL GLUCOSIDE, PHENOXYETHANOL, LECITHIN, LINALOOL, IODOPROPYNYL BUTYLCARBAMATE. <\/div>\n\t\t\t\n\t\t\t\n\t\t<\/div>\n\t\t\n\t\t\t\t<div id=\"wd-66a57d9a1b7b2\" class=\"wd-image wd-wpb wd-rs-66a57d9a1b7b2 text-center \">\n\t\t\t\n\t\t\t<img loading=\"lazy\" decoding=\"async\" width=\"450\" height=\"450\" src=\"https:\/\/sylviana.shop\/wp-content\/uploads\/2024\/07\/8-scaled-450x450.jpg\" class=\"attachment-450x450 size-450x450\" alt=\"\" srcset=\"https:\/\/sylviana.shop\/wp-content\/uploads\/2024\/07\/8-scaled-450x450.jpg 450w, https:\/\/sylviana.shop\/wp-content\/uploads\/2024\/07\/8-150x150.jpg 150w, https:\/\/sylviana.shop\/wp-content\/uploads\/2024\/07\/8-scaled-400x400.jpg 400w\" sizes=\"auto, (max-width: 450px) 100vw, 450px\" \/>\n\t\t\t\t\t<\/div>\n\t\t[\/vc_column][\/vc_row]<\/p>\n<\/div>","protected":false},"excerpt":{"rendered":"<p>[vc_row][vc_column][\/vc_column][\/vc_row]<\/p>\n","protected":false},"featured_media":10762,"template":"","meta":[],"product_brand":[],"product_cat":[87,88],"product_tag":[],"class_list":{"0":"post-10981","1":"product","2":"type-product","3":"status-publish","4":"has-post-thumbnail","6":"product_cat-halsa","7":"product_cat-hampavard","9":"first","10":"instock","11":"shipping-taxable","12":"purchasable","13":"product-type-simple"},"_links":{"self":[{"href":"https:\/\/sylviana.shop\/sv\/wp-json\/wp\/v2\/product\/10981","targetHints":{"allow":["GET"]}}],"collection":[{"href":"https:\/\/sylviana.shop\/sv\/wp-json\/wp\/v2\/product"}],"about":[{"href":"https:\/\/sylviana.shop\/sv\/wp-json\/wp\/v2\/types\/product"}],"wp:featuredmedia":[{"embeddable":true,"href":"https:\/\/sylviana.shop\/sv\/wp-json\/wp\/v2\/media\/10762"}],"wp:attachment":[{"href":"https:\/\/sylviana.shop\/sv\/wp-json\/wp\/v2\/media?parent=10981"}],"wp:term":[{"taxonomy":"product_brand","embeddable":true,"href":"https:\/\/sylviana.shop\/sv\/wp-json\/wp\/v2\/product_brand?post=10981"},{"taxonomy":"product_cat","embeddable":true,"href":"https:\/\/sylviana.shop\/sv\/wp-json\/wp\/v2\/product_cat?post=10981"},{"taxonomy":"product_tag","embeddable":true,"href":"https:\/\/sylviana.shop\/sv\/wp-json\/wp\/v2\/product_tag?post=10981"}],"curies":[{"name":"wp","href":"https:\/\/api.w.org\/{rel}","templated":true}]}}