{"id":10980,"date":"2024-07-27T23:10:59","date_gmt":"2024-07-27T23:10:59","guid":{"rendered":"https:\/\/sylviana.shop\/product\/hempcare-boost\/"},"modified":"2024-08-01T16:12:13","modified_gmt":"2024-08-01T16:12:13","slug":"hempcare-boost","status":"publish","type":"product","link":"https:\/\/sylviana.shop\/sv\/produkt\/hempcare-boost\/","title":{"rendered":"HempCare Boost"},"content":{"rendered":"<div class=\"wpb-content-wrapper\"><p>[vc_row][vc_column]\n\t\t<div id=\"wd-66a57f1687f47\" class=\"title-wrapper wd-wpb set-mb-s reset-last-child  wd-rs-66a57f1687f47 wd-title-color-default wd-title-style-underlined text-center wd-off-anim wpb_animate_when_almost_visible wpb_fadeIn fadeIn wd-anim-name_fadeIn  wd-underline-colored\">\n\t\t\t\n\t\t\t<div class=\"liner-continer\">\n\t\t\t\t<h4 class=\"woodmart-title-container title  wd-font-weight- wd-fontsize-l\" >OM PRODUKTEN<\/h4>\n\t\t\t\t\t\t\t<\/div>\n\t\t\t\n\t\t\t\t\t\t\t<div class=\"title-after_title  set-cont-mb-s reset-last-child  wd-fontsize-xs\">H\u00e4lsoelixir f\u00f6r alla h\u00e5rtyper. Balsamet \u00e4r berikat med hampafr\u00f6olja och Ceramide Complex. Det har utm\u00e4rkta hydratiserande,&lt;br&gt;n\u00e4rande och f\u00f6rst\u00e4rkande egenskaper. Det reder ut h\u00e5ret, st\u00e4rker och ger elasticitet och glans till&lt;br&gt;h\u00e5rstr\u00e5et. Idealiskt \u00e4ven f\u00f6r dagligt bruk.<\/div>\n\t\t\t\n\t\t\t\n\t\t<\/div>\n\t\t\n\t\t\n\t\t<div id=\"wd-66a57f3521842\" class=\"title-wrapper wd-wpb set-mb-s reset-last-child  wd-rs-66a57f3521842 wd-title-color-default wd-title-style-underlined text-center wd-off-anim wpb_animate_when_almost_visible wpb_fadeIn fadeIn wd-anim-name_fadeIn  wd-underline-colored\">\n\t\t\t\n\t\t\t<div class=\"liner-continer\">\n\t\t\t\t<h4 class=\"woodmart-title-container title  wd-font-weight- wd-fontsize-l\" >ANV\u00c4NDARINSTRUKTIONER<\/h4>\n\t\t\t\t\t\t\t<\/div>\n\t\t\t\n\t\t\t\t\t\t\t<div class=\"title-after_title  set-cont-mb-s reset-last-child  wd-fontsize-xs\">Applicera p\u00e5 rent, handdukstorrt h\u00e5r. 1-2 doser l\u00e4ngs med h\u00e5rstr\u00e5et och h\u00e5rtoppen. L\u00e5t torka. Applicera p\u00e5 torrt h\u00e5r f\u00f6r ytterligare behandling och hydratisering.<\/div>\n\t\t\t\n\t\t\t\n\t\t<\/div>\n\t\t\n\t\t\n\t\t<div id=\"wd-66a57f572a176\" class=\"title-wrapper wd-wpb set-mb-s reset-last-child  wd-rs-66a57f572a176 wd-title-color-default wd-title-style-underlined text-center wd-off-anim wpb_animate_when_almost_visible wpb_fadeIn fadeIn wd-anim-name_fadeIn  wd-underline-colored\">\n\t\t\t\n\t\t\t<div class=\"liner-continer\">\n\t\t\t\t<h4 class=\"woodmart-title-container title  wd-font-weight- wd-fontsize-l\" >INGREDIENSER<\/h4>\n\t\t\t\t\t\t\t<\/div>\n\t\t\t\n\t\t\t\t\t\t\t<div class=\"title-after_title  set-cont-mb-s reset-last-child  wd-fontsize-xs\">CYCLOPENTASILOXANE, DIMETHICONE, CANNABIS SATIVA SEED OIL, PARFUM, BENZYL SALICYLATE, LINALOOL, HYDROXYCITRONELLAL, CITRONELLOL, EUGENOL, BENZYL BENZOATE, GERANIOL.<\/div>\n\t\t\t\n\t\t\t\n\t\t<\/div>\n\t\t\n\t\t\t\t<div id=\"wd-66a586d86cfe5\" class=\"wd-image wd-wpb wd-rs-66a586d86cfe5 text-center \">\n\t\t\t\n\t\t\t<img loading=\"lazy\" decoding=\"async\" width=\"450\" height=\"450\" src=\"https:\/\/sylviana.shop\/wp-content\/uploads\/2024\/07\/8-scaled-450x450.jpg\" class=\"attachment-450x450 size-450x450\" alt=\"\" srcset=\"https:\/\/sylviana.shop\/wp-content\/uploads\/2024\/07\/8-scaled-450x450.jpg 450w, https:\/\/sylviana.shop\/wp-content\/uploads\/2024\/07\/8-150x150.jpg 150w, https:\/\/sylviana.shop\/wp-content\/uploads\/2024\/07\/8-scaled-400x400.jpg 400w\" sizes=\"auto, (max-width: 450px) 100vw, 450px\" \/>\n\t\t\t\t\t<\/div>\n\t\t[\/vc_column][\/vc_row]<\/p>\n<\/div>","protected":false},"excerpt":{"rendered":"<p>[vc_row][vc_column][\/vc_column][\/vc_row]<\/p>\n","protected":false},"featured_media":10764,"template":"","meta":[],"product_brand":[],"product_cat":[87,88],"product_tag":[],"class_list":{"0":"post-10980","1":"product","2":"type-product","3":"status-publish","4":"has-post-thumbnail","6":"product_cat-halsa","7":"product_cat-hampavard","9":"first","10":"instock","11":"shipping-taxable","12":"purchasable","13":"product-type-simple"},"_links":{"self":[{"href":"https:\/\/sylviana.shop\/sv\/wp-json\/wp\/v2\/product\/10980","targetHints":{"allow":["GET"]}}],"collection":[{"href":"https:\/\/sylviana.shop\/sv\/wp-json\/wp\/v2\/product"}],"about":[{"href":"https:\/\/sylviana.shop\/sv\/wp-json\/wp\/v2\/types\/product"}],"wp:featuredmedia":[{"embeddable":true,"href":"https:\/\/sylviana.shop\/sv\/wp-json\/wp\/v2\/media\/10764"}],"wp:attachment":[{"href":"https:\/\/sylviana.shop\/sv\/wp-json\/wp\/v2\/media?parent=10980"}],"wp:term":[{"taxonomy":"product_brand","embeddable":true,"href":"https:\/\/sylviana.shop\/sv\/wp-json\/wp\/v2\/product_brand?post=10980"},{"taxonomy":"product_cat","embeddable":true,"href":"https:\/\/sylviana.shop\/sv\/wp-json\/wp\/v2\/product_cat?post=10980"},{"taxonomy":"product_tag","embeddable":true,"href":"https:\/\/sylviana.shop\/sv\/wp-json\/wp\/v2\/product_tag?post=10980"}],"curies":[{"name":"wp","href":"https:\/\/api.w.org\/{rel}","templated":true}]}}