{"id":10953,"date":"2021-08-25T07:26:28","date_gmt":"2021-08-25T07:26:28","guid":{"rendered":"https:\/\/sylviana.shop\/om-oss\/"},"modified":"2024-08-01T16:00:51","modified_gmt":"2024-08-01T16:00:51","slug":"om-oss","status":"publish","type":"page","link":"https:\/\/sylviana.shop\/sv\/om-oss\/","title":{"rendered":"Om oss"},"content":{"rendered":"<div class=\"wpb-content-wrapper\"><p>[vc_row css=&#8221;.vc_custom_1629877038080{margin-bottom: 40px !important;}&#8221; mobile_bg_img_hidden=&#8221;no&#8221; tablet_bg_img_hidden=&#8221;no&#8221; woodmart_parallax=&#8221;0&#8243; woodmart_gradient_switch=&#8221;no&#8221; row_reverse_mobile=&#8221;1&#8243; row_reverse_tablet=&#8221;1&#8243; woodmart_disable_overflow=&#8221;0&#8243; wd_z_index=&#8221;no&#8221; woodmart_css_id=&#8221;6125f32826e3d&#8221; responsive_spacing=&#8221;eyJwYXJhbV90eXBlIjoid29vZG1hcnRfcmVzcG9uc2l2ZV9zcGFjaW5nIiwic2VsZWN0b3JfaWQiOiI2MTI1ZjMyODI2ZTNkIiwic2hvcnRjb2RlIjoidmNfcm93IiwiZGF0YSI6eyJ0YWJsZXQiOnt9LCJtb2JpbGUiOnsibWFyZ2luLWJvdHRvbSI6IjIwIn19fQ==&#8221;][vc_column css=&#8221;.vc_custom_1629877010833{margin-bottom: 40px !important;padding-top: 0px !important;}&#8221; mobile_bg_img_hidden=&#8221;no&#8221; tablet_bg_img_hidden=&#8221;no&#8221; woodmart_parallax=&#8221;0&#8243; woodmart_sticky_column=&#8221;false&#8221; parallax_scroll=&#8221;no&#8221; mobile_reset_margin=&#8221;no&#8221; tablet_reset_margin=&#8221;no&#8221; offset=&#8221;vc_col-lg-6 vc_col-md-6&#8243; wd_z_index=&#8221;no&#8221; woodmart_css_id=&#8221;6125f30edad72&#8243; responsive_spacing=&#8221;eyJwYXJhbV90eXBlIjoid29vZG1hcnRfcmVzcG9uc2l2ZV9zcGFjaW5nIiwic2VsZWN0b3JfaWQiOiI2MTI1ZjMwZWRhZDcyIiwic2hvcnRjb2RlIjoidmNfY29sdW1uIiwiZGF0YSI6eyJ0YWJsZXQiOnt9LCJtb2JpbGUiOnt9fX0=&#8221;]\t\t<div id=\"wd-66a8511de33b7\" class=\"wd-image wd-wpb wd-rs-66a8511de33b7 text-left vc_custom_1722306988707\">\n\t\t\t\n\t\t\t<img loading=\"lazy\" decoding=\"async\" width=\"2048\" height=\"1176\" src=\"https:\/\/sylviana.shop\/wp-content\/uploads\/2024\/07\/Product-comp.jpg\" class=\"attachment-full size-full\" alt=\"\" srcset=\"https:\/\/sylviana.shop\/wp-content\/uploads\/2024\/07\/Product-comp.jpg 2048w, https:\/\/sylviana.shop\/wp-content\/uploads\/2024\/07\/Product-comp-430x247.jpg 430w, https:\/\/sylviana.shop\/wp-content\/uploads\/2024\/07\/Product-comp-150x86.jpg 150w, https:\/\/sylviana.shop\/wp-content\/uploads\/2024\/07\/Product-comp-700x402.jpg 700w, https:\/\/sylviana.shop\/wp-content\/uploads\/2024\/07\/Product-comp-400x230.jpg 400w, https:\/\/sylviana.shop\/wp-content\/uploads\/2024\/07\/Product-comp-1300x746.jpg 1300w, https:\/\/sylviana.shop\/wp-content\/uploads\/2024\/07\/Product-comp-768x441.jpg 768w, https:\/\/sylviana.shop\/wp-content\/uploads\/2024\/07\/Product-comp-1536x882.jpg 1536w\" sizes=\"auto, (max-width: 2048px) 100vw, 2048px\" \/>\n\t\t\t\t\t<\/div>\n\t\t[\/vc_column][vc_column css=&#8221;.vc_custom_1629877027060{margin-bottom: 40px !important;padding-top: 40px !important;}&#8221; mobile_bg_img_hidden=&#8221;no&#8221; tablet_bg_img_hidden=&#8221;no&#8221; woodmart_parallax=&#8221;0&#8243; woodmart_sticky_column=&#8221;false&#8221; parallax_scroll=&#8221;no&#8221; mobile_reset_margin=&#8221;no&#8221; tablet_reset_margin=&#8221;no&#8221; offset=&#8221;vc_col-lg-offset-1 vc_col-lg-5 vc_col-md-6 vc_col-xs-12&#8243; wd_z_index=&#8221;no&#8221; woodmart_css_id=&#8221;6125f320eb687&#8243; responsive_spacing=&#8221;eyJwYXJhbV90eXBlIjoid29vZG1hcnRfcmVzcG9uc2l2ZV9zcGFjaW5nIiwic2VsZWN0b3JfaWQiOiI2MTI1ZjMyMGViNjg3Iiwic2hvcnRjb2RlIjoidmNfY29sdW1uIiwiZGF0YSI6eyJ0YWJsZXQiOnt9LCJtb2JpbGUiOnsicGFkZGluZy10b3AiOiIwIn19fQ==&#8221;]\n\t\t<div id=\"wd-66a851056b969\" class=\"title-wrapper wd-wpb set-mb-s reset-last-child  wd-rs-66a851056b969 wd-title-color-primary wd-title-style-underlined text-left vc_custom_1722306832406 wd-underline-colored\">\n\t\t\t\n\t\t\t<div class=\"liner-continer\">\n\t\t\t\t<h4 class=\"woodmart-title-container title  wd-font-weight- wd-fontsize-xxl\" >VARF\u00d6R v\u00e4lja USA?<\/h4>\n\t\t\t\t\t\t\t<\/div>\n\t\t\t\n\t\t\t\n\t\t\t\n\t\t<\/div>\n\t\t\n\t\t\t\t<div id=\"wd-66a84fd6b60bd\" class=\"wd-text-block wd-wpb reset-last-child wd-rs-66a84fd6b60bd text-left wd-fontsize-custom vc_custom_1722306541438\">\n\t\t\t<p><strong>LASUV\u00c9ROs <\/strong>produkter \u00e4r till 100 % tillverkade i ITALIEN, tillverkade enligt europeisk kosmetika <em>GMP <\/em>(Good Manufacturing Practice) och vi har bara <em>biobaserad, f\u00f6rnybar, \u00e5tervinningsbar och koldioxidsn\u00e5l plast.<\/em><\/p>\n<p><strong>LASUV\u00c9RO <\/strong>erbjuder dig l\u00f6sningar n\u00e4r det g\u00e4ller <strong>kvalitet, effektivitet<\/strong> och <strong>s\u00e4kerhet.<\/strong><\/p>\n<p><strong>Kvaliteten <\/strong>p\u00e5 <strong>LASUV\u00c9RO<\/strong>-produkterna \u00e4r v\u00e5r prioritet, inneh\u00e5llsvalet baseras p\u00e5 <em>EU:s kosmetikaf\u00f6rordning<\/em>.<\/p>\n<p><strong>Effektivitet<\/strong>, den aktiva ingrediensen baserad p\u00e5 forskning inom regenerativ medicin.<\/p>\n<p><strong>S\u00e4kerhet<\/strong>, <strong>LASUV\u00c9RO <\/strong>kan garantera att v\u00e5ra produkter \u00e4r <em>PARABENFRI, FRI FR\u00c5N DJURH\u00c4RLEDNING, GRYMT FRI, INTE TESTA P\u00c5 DJUR, SLES SLS-FRI<\/em>, <em>SILIKONFRI och plasten vi anv\u00e4nder \u00e4r gjord av en f\u00f6rnybar r\u00e5vara.<\/em><\/p>\n\t\t<\/div>\n\t\t\n\t\t<div id=\"wd-66a850f873396\" class=\"title-wrapper wd-wpb set-mb-s reset-last-child  wd-rs-66a850f873396 wd-title-color-primary wd-title-style-underlined text-left vc_custom_1722306814087 wd-underline-colored\">\n\t\t\t\n\t\t\t<div class=\"liner-continer\">\n\t\t\t\t<h4 class=\"woodmart-title-container title  wd-font-weight- wd-fontsize-xxl\" >Vilka vi \u00e4r?<\/h4>\n\t\t\t\t\t\t\t<\/div>\n\t\t\t\n\t\t\t\n\t\t\t\n\t\t<\/div>\n\t\t\n\t\t\t\t<div id=\"wd-66a8509ec03d2\" class=\"wd-text-block wd-wpb reset-last-child wd-rs-66a8509ec03d2 text-left wd-fontsize-custom vc_custom_1722306725454\">\n\t\t\t<p><strong>LASUV\u00c9RO <\/strong>\u00e4r ett exklusivt svenskt varum\u00e4rke med tillverkningsplats i Italien, f\u00f6retaget drivs av tv\u00e5 barndomsv\u00e4nner d\u00e4r en av dem har en <em>Master of Science in Pharmacy<\/em> med kvalitetserfarenhet.<\/p>\n\t\t<\/div>\n\t\t\n\t\t<div id=\"wd-66a850b4a6829\" class=\"title-wrapper wd-wpb set-mb-s reset-last-child  wd-rs-66a850b4a6829 wd-title-color-primary wd-title-style-underlined text-left vc_custom_1722306785207 wd-underline-colored\">\n\t\t\t\n\t\t\t<div class=\"liner-continer\">\n\t\t\t\t<h4 class=\"woodmart-title-container title  wd-font-weight- wd-fontsize-xxl\" >Vad vi g\u00f6r?<\/h4>\n\t\t\t\t\t\t\t<\/div>\n\t\t\t\n\t\t\t\n\t\t\t\n\t\t<\/div>\n\t\t\n\t\t\t\t<div id=\"wd-66a850ef62431\" class=\"wd-text-block wd-wpb reset-last-child wd-rs-66a850ef62431 text-left wd-fontsize-custom vc_custom_1722306803591\">\n\t\t\t<p><strong>LASUV\u00c9RO <\/strong>expertis \u00e4r behandlingar f\u00f6r att f\u00f6rebygga h\u00e5ravfall med ny teknologi och forskning f\u00f6r att f\u00f6rb\u00e4ttra och ta hand om h\u00e5rets sk\u00f6nhet. <\/p>\n<p>H\u00e5rprodukterna som <strong>LASUV\u00c9RO <\/strong><em>erbjuder \u00e4r v\u00e4xtbaserade.<\/em><\/p>\n\t\t<\/div>\n\t\t[vc_separator color=&#8221;custom&#8221; css=&#8221;.vc_custom_1615616514122{margin-bottom: 20px !important;padding-top: 10px !important;}&#8221; accent_color=&#8221;rgba(10,10,10,0.12)&#8221;][vc_row_inner content_placement=&#8221;middle&#8221; row_reverse_mobile=&#8221;0&#8243; row_reverse_tablet=&#8221;0&#8243;][vc_column_inner width=&#8221;1\/2&#8243; css=&#8221;.vc_custom_1617632364304{padding-top: 0px !important;}&#8221;]\t\t<div id=\"wd-66a8502ce20d6\" class=\"wd-text-block wd-wpb reset-last-child wd-rs-66a8502ce20d6 text-left vc_custom_1722306663940\">\n\t\t\t<p><a href=\"https:\/\/husseinmirzah.com\"><strong><em>Designed by Hussein Mirzah @ 2024.<\/em><\/strong><\/a><\/p>\n\t\t<\/div>\n\t\t[\/vc_column_inner][\/vc_row_inner][\/vc_column][\/vc_row]<\/p>\n<\/div>","protected":false},"excerpt":{"rendered":"<p>[vc_row css=&#8221;.vc_custom_1629877038080{margin-bottom: 40px !important;}&#8221; mobile_bg_img_hidden=&#8221;no&#8221; tablet_bg_img_hidden=&#8221;no&#8221; woodmart_parallax=&#8221;0&#8243; woodmart_gradient_switch=&#8221;no&#8221; row_reverse_mobile=&#8221;1&#8243; row_reverse_tablet=&#8221;1&#8243; woodmart_disable_overflow=&#8221;0&#8243; wd_z_index=&#8221;no&#8221; woodmart_css_id=&#8221;6125f32826e3d&#8221; responsive_spacing=&#8221;eyJwYXJhbV90eXBlIjoid29vZG1hcnRfcmVzcG9uc2l2ZV9zcGFjaW5nIiwic2VsZWN0b3JfaWQiOiI2MTI1ZjMyODI2ZTNkIiwic2hvcnRjb2RlIjoidmNfcm93IiwiZGF0YSI6eyJ0YWJsZXQiOnt9LCJtb2JpbGUiOnsibWFyZ2luLWJvdHRvbSI6IjIwIn19fQ==&#8221;][vc_column css=&#8221;.vc_custom_1629877010833{margin-bottom: 40px !important;padding-top: 0px !important;}&#8221; mobile_bg_img_hidden=&#8221;no&#8221;<\/p>\n","protected":false},"author":1,"featured_media":0,"parent":0,"menu_order":0,"comment_status":"closed","ping_status":"closed","template":"","meta":{"footnotes":""},"class_list":["post-10953","page","type-page","status-publish","hentry"],"_links":{"self":[{"href":"https:\/\/sylviana.shop\/sv\/wp-json\/wp\/v2\/pages\/10953","targetHints":{"allow":["GET"]}}],"collection":[{"href":"https:\/\/sylviana.shop\/sv\/wp-json\/wp\/v2\/pages"}],"about":[{"href":"https:\/\/sylviana.shop\/sv\/wp-json\/wp\/v2\/types\/page"}],"author":[{"embeddable":true,"href":"https:\/\/sylviana.shop\/sv\/wp-json\/wp\/v2\/users\/1"}],"replies":[{"embeddable":true,"href":"https:\/\/sylviana.shop\/sv\/wp-json\/wp\/v2\/comments?post=10953"}],"version-history":[{"count":2,"href":"https:\/\/sylviana.shop\/sv\/wp-json\/wp\/v2\/pages\/10953\/revisions"}],"predecessor-version":[{"id":10955,"href":"https:\/\/sylviana.shop\/sv\/wp-json\/wp\/v2\/pages\/10953\/revisions\/10955"}],"wp:attachment":[{"href":"https:\/\/sylviana.shop\/sv\/wp-json\/wp\/v2\/media?parent=10953"}],"curies":[{"name":"wp","href":"https:\/\/api.w.org\/{rel}","templated":true}]}}